{"id":34,"date":"2019-02-15T19:35:37","date_gmt":"2019-02-15T10:35:37","guid":{"rendered":"https:\/\/84motouesanpo.wordpress.com\/?page_id=34"},"modified":"2020-01-29T15:36:15","modified_gmt":"2020-01-29T06:36:15","slug":"contact","status":"publish","type":"page","link":"https:\/\/uesanpo.info\/?page_id=34","title":{"rendered":"CONTACT"},"content":{"rendered":"\n\n<div class=\"wpcf7 no-js\" id=\"wpcf7-f384-o1\" lang=\"ja\" dir=\"ltr\" data-wpcf7-id=\"384\">\n<div class=\"screen-reader-response\"><p role=\"status\" aria-live=\"polite\" aria-atomic=\"true\"><\/p> <ul><\/ul><\/div>\n<form action=\"\/index.php?rest_route=%2Fwp%2Fv2%2Fpages%2F34#wpcf7-f384-o1\" method=\"post\" class=\"wpcf7-form init\" aria-label=\"\u30b3\u30f3\u30bf\u30af\u30c8\u30d5\u30a9\u30fc\u30e0\" novalidate=\"novalidate\" data-status=\"init\">\n<fieldset class=\"hidden-fields-container\"><input type=\"hidden\" name=\"_wpcf7\" value=\"384\" \/><input type=\"hidden\" name=\"_wpcf7_version\" value=\"6.1.5\" \/><input type=\"hidden\" name=\"_wpcf7_locale\" value=\"ja\" \/><input type=\"hidden\" name=\"_wpcf7_unit_tag\" value=\"wpcf7-f384-o1\" \/><input type=\"hidden\" name=\"_wpcf7_container_post\" value=\"0\" \/><input type=\"hidden\" name=\"_wpcf7_posted_data_hash\" value=\"\" \/>\n<\/fieldset>\n<table class=\"table table-bordered table-striped table-contactform7\">\n\t<tr>\n\t\t<th>\n\t\t\t<p><span class=\"required-contactform7\">\u5fc5\u9808<\/span><span class=\"title-contactform7\">\u304a\u540d\u524d<\/span>\n\t\t\t<\/p>\n\t\t<\/th>\n\t\t<td>\n\t\t\t<p><span class=\"wpcf7-form-control-wrap\" data-name=\"your-name\"><input size=\"40\" maxlength=\"400\" class=\"wpcf7-form-control wpcf7-text wpcf7-validates-as-required\" aria-required=\"true\" aria-invalid=\"false\" placeholder=\"\u4f8b\uff1a\u5c71\u7530\u3000\u592a\u90ce\" value=\"\" type=\"text\" name=\"your-name\" \/><\/span>\n\t\t\t<\/p>\n\t\t<\/td>\n\t<\/tr>\n\t<tr>\n\t\t<th>\n\t\t\t<p><span class=\"required-contactform7\">\u5fc5\u9808<\/span><span class=\"title-contactform7\">\u3075\u308a\u304c\u306a<\/span>\n\t\t\t<\/p>\n\t\t<\/th>\n\t\t<td>\n\t\t\t<p><span class=\"wpcf7-form-control-wrap\" data-name=\"your-ruby\"><input size=\"40\" maxlength=\"400\" class=\"wpcf7-form-control wpcf7-text wpcf7-validates-as-required\" aria-required=\"true\" aria-invalid=\"false\" placeholder=\"\u4f8b\uff1a\u3084\u307e\u3060\u3000\u305f\u308d\u3046\" value=\"\" type=\"text\" name=\"your-ruby\" \/><\/span>\n\t\t\t<\/p>\n\t\t<\/td>\n\t<\/tr>\n\t<tr>\n\t\t<th>\n\t\t\t<p><span class=\"required-contactform7\">\u5fc5\u9808<\/span><span class=\"title-contactform7\">\u304a\u96fb\u8a71\u756a\u53f7<\/span>\n\t\t\t<\/p>\n\t\t<\/th>\n\t\t<td>\n\t\t\t<p><span class=\"wpcf7-form-control-wrap\" data-name=\"your-tel\"><input size=\"40\" maxlength=\"400\" class=\"wpcf7-form-control wpcf7-text wpcf7-validates-as-required\" aria-required=\"true\" aria-invalid=\"false\" placeholder=\"\u4f8b\uff1a090-1234-5678\" value=\"\" type=\"text\" name=\"your-tel\" \/><\/span>\n\t\t\t<\/p>\n\t\t<\/td>\n\t<\/tr>\n\t<tr>\n\t\t<th>\n\t\t\t<p><span class=\"required-contactform7\">\u5fc5\u9808<\/span><span class=\"title-contactform7\">\u30e1\u30fc\u30eb\u30a2\u30c9\u30ec\u30b9<\/span>\n\t\t\t<\/p>\n\t\t<\/th>\n\t\t<td>\n\t\t\t<p><span class=\"wpcf7-form-control-wrap\" data-name=\"your-email\"><input size=\"40\" maxlength=\"400\" class=\"wpcf7-form-control wpcf7-email wpcf7-validates-as-required wpcf7-text wpcf7-validates-as-email\" aria-required=\"true\" aria-invalid=\"false\" placeholder=\"\u4f8b\uff1a\u00d7\u00d7\u00d7@\u00d7\u00d7\u00d7.com\" value=\"\" type=\"email\" name=\"your-email\" \/><\/span>\n\t\t\t<\/p>\n\t\t<\/td>\n\t<\/tr>\n\t<tr>\n\t\t<th>\n\t\t\t<p><span class=\"required-contactform7\">\u5fc5\u9808<\/span><span class=\"title-contactform7\">\u90f5\u4fbf\u756a\u53f7<\/span>\n\t\t\t<\/p>\n\t\t<\/th>\n\t\t<td>\n\t\t\t<p><span class=\"wpcf7-form-control-wrap\" data-name=\"zip\"><input size=\"40\" maxlength=\"400\" class=\"wpcf7-form-control wpcf7-text wpcf7-validates-as-required\" id=\"zip\" aria-required=\"true\" aria-invalid=\"false\" placeholder=\"\u4f8b\uff1a123-4567\" value=\"\" type=\"text\" name=\"zip\" \/><\/span>\n\t\t\t<\/p>\n\t\t<\/td>\n\t<\/tr>\n\t<tr>\n\t\t<th>\n\t\t\t<p><span class=\"required-contactform7\">\u5fc5\u9808<\/span><span class=\"title-contactform7\">\u90fd\u9053\u5e9c\u770c<\/span>\n\t\t\t<\/p>\n\t\t<\/th>\n\t\t<td>\n\t\t\t<p><span class=\"wpcf7-form-control-wrap\" data-name=\"pref\"><input size=\"40\" maxlength=\"400\" class=\"wpcf7-form-control wpcf7-text wpcf7-validates-as-required\" id=\"pref\" aria-required=\"true\" aria-invalid=\"false\" value=\"\" type=\"text\" name=\"pref\" \/><\/span>\n\t\t\t<\/p>\n\t\t<\/td>\n\t<\/tr>\n\t<tr>\n\t\t<th>\n\t\t\t<p><span class=\"required-contactform7\">\u5fc5\u9808<\/span><span class=\"title-contactform7\">\u5e02\u533a\u753a\u6751<\/span>\n\t\t\t<\/p>\n\t\t<\/th>\n\t\t<td class=\"address-100\">\n\t\t\t<p><span class=\"wpcf7-form-control-wrap\" data-name=\"addr\"><input size=\"40\" maxlength=\"400\" class=\"wpcf7-form-control wpcf7-text wpcf7-validates-as-required\" id=\"addr\" aria-required=\"true\" aria-invalid=\"false\" value=\"\" type=\"text\" name=\"addr\" \/><\/span>\n\t\t\t<\/p>\n\t\t<\/td>\n\t<\/tr>\n\t<tr>\n\t\t<th>\n\t\t\t<p><span class=\"required-contactform7\">\u5fc5\u9808<\/span><span class=\"title-contactform7\">\u984c\u540d<\/span>\n\t\t\t<\/p>\n\t\t<\/th>\n\t\t<td class=\"message-100\">\n\t\t\t<p><span class=\"wpcf7-form-control-wrap\" data-name=\"your-subject\"><input size=\"40\" maxlength=\"400\" class=\"wpcf7-form-control wpcf7-text wpcf7-validates-as-required\" aria-required=\"true\" aria-invalid=\"false\" value=\"\" type=\"text\" name=\"your-subject\" \/><\/span>\n\t\t\t<\/p>\n\t\t<\/td>\n\t<\/tr>\n\t<tr>\n\t\t<th>\n\t\t\t<p><span class=\"required-contactform7\">\u5fc5\u9808<\/span><span class=\"title-contactform7\">\u304a\u554f\u3044\u5408\u308f\u305b\u5185\u5bb9<\/span>\n\t\t\t<\/p>\n\t\t<\/th>\n\t\t<td class=\"message-100\">\n\t\t\t<p><span class=\"wpcf7-form-control-wrap\" data-name=\"your-message\"><textarea cols=\"40\" rows=\"10\" maxlength=\"2000\" class=\"wpcf7-form-control wpcf7-textarea wpcf7-validates-as-required\" aria-required=\"true\" aria-invalid=\"false\" name=\"your-message\"><\/textarea><\/span>\n\t\t\t<\/p>\n\t\t<\/td>\n\t<\/tr>\n<\/table>\n<div class=\"wpcf7-response-output\" aria-hidden=\"true\"><\/div>\n<p class=\"text-xs-center\"><input class=\"wpcf7-form-control wpcf7-submit has-spinner btn btn-success btn-lg\" type=\"submit\" value=\"\u9001\u4fe1\u3059\u308b\" \/>\n<\/p><p style=\"display: none !important;\" class=\"akismet-fields-container\" data-prefix=\"_wpcf7_ak_\"><label>&#916;<textarea name=\"_wpcf7_ak_hp_textarea\" cols=\"45\" rows=\"8\" maxlength=\"100\"><\/textarea><\/label><input type=\"hidden\" id=\"ak_js_1\" name=\"_wpcf7_ak_js\" value=\"227\"\/><script type=\"text\/javascript\">\n\/* <![CDATA[ *\/\ndocument.getElementById( \"ak_js_1\" ).setAttribute( \"value\", ( new Date() ).getTime() );\n\/* ]]> *\/\n<\/script>\n<\/p>\n<\/form>\n<\/div>\n\n","protected":false},"excerpt":{"rendered":"","protected":false},"author":1,"featured_media":0,"parent":0,"menu_order":0,"comment_status":"closed","ping_status":"closed","template":"","meta":{"spay_email":"","footnotes":""},"class_list":["post-34","page","type-page","status-publish","hentry"],"_links":{"self":[{"href":"https:\/\/uesanpo.info\/index.php?rest_route=\/wp\/v2\/pages\/34","targetHints":{"allow":["GET"]}}],"collection":[{"href":"https:\/\/uesanpo.info\/index.php?rest_route=\/wp\/v2\/pages"}],"about":[{"href":"https:\/\/uesanpo.info\/index.php?rest_route=\/wp\/v2\/types\/page"}],"author":[{"embeddable":true,"href":"https:\/\/uesanpo.info\/index.php?rest_route=\/wp\/v2\/users\/1"}],"replies":[{"embeddable":true,"href":"https:\/\/uesanpo.info\/index.php?rest_route=%2Fwp%2Fv2%2Fcomments&post=34"}],"version-history":[{"count":4,"href":"https:\/\/uesanpo.info\/index.php?rest_route=\/wp\/v2\/pages\/34\/revisions"}],"predecessor-version":[{"id":1327,"href":"https:\/\/uesanpo.info\/index.php?rest_route=\/wp\/v2\/pages\/34\/revisions\/1327"}],"wp:attachment":[{"href":"https:\/\/uesanpo.info\/index.php?rest_route=%2Fwp%2Fv2%2Fmedia&parent=34"}],"curies":[{"name":"wp","href":"https:\/\/api.w.org\/{rel}","templated":true}]}}